{"id":987792,"date":"2023-03-05T01:31:09","date_gmt":"2023-03-04T22:31:09","guid":{"rendered":"https:\/\/arsalgida.com\/new\/?post_type=product&#038;p=987792"},"modified":"2024-11-18T04:53:29","modified_gmt":"2024-11-18T01:53:29","slug":"karisik-tursu-375g","status":"publish","type":"product","link":"https:\/\/arsalgida.com\/de\/produkt\/karisik-tursu-375g\/","title":{"rendered":"Gemischte Gurken 320 ml"},"content":{"rendered":"<div class=\"vgblk-rw-wrapper limit-wrapper\">Barcode-Nr.: 8697437561628<br \/>\nVerpackungsart: Glasflasche<br \/>\nNettogewicht: 320 ml<\/div>\n<p><!-- .vgblk-rw-wrapper --><\/p>","protected":false},"excerpt":{"rendered":"<p>Barkod No: 8697437561628 Ambalaj Tipi: Cam Kavanoz Net A\u011f\u0131rl\u0131k: 320ml<\/p>","protected":false},"featured_media":989163,"template":"","meta":[],"product_cat":[15],"product_tag":[],"class_list":{"0":"post-987792","1":"product","2":"type-product","3":"status-publish","4":"has-post-thumbnail","6":"product_cat-tursu-cesitleri","8":"first","9":"instock","10":"shipping-taxable","11":"purchasable","12":"product-type-simple"},"yoast_head":"<!-- This site is optimized with the Yoast SEO plugin v23.9 - https:\/\/yoast.com\/wordpress\/plugins\/seo\/ -->\n<title>Kar\u0131\u015f\u0131k Tur\u015fu 320ml - Arsal G\u0131da<\/title>\n<meta name=\"robots\" content=\"index, follow, max-snippet:-1, max-image-preview:large, max-video-preview:-1\" \/>\n<link rel=\"canonical\" href=\"https:\/\/arsalgida.com\/de\/produkt\/karisik-tursu-375g\/\" \/>\n<meta property=\"og:locale\" content=\"de_DE\" \/>\n<meta property=\"og:type\" content=\"article\" \/>\n<meta property=\"og:title\" content=\"Kar\u0131\u015f\u0131k Tur\u015fu 320ml - Arsal G\u0131da\" \/>\n<meta property=\"og:description\" content=\"Barkod No: 8697437561628 Ambalaj Tipi: Cam Kavanoz Net A\u011f\u0131rl\u0131k: 320ml\" \/>\n<meta property=\"og:url\" content=\"https:\/\/arsalgida.com\/de\/produkt\/karisik-tursu-375g\/\" \/>\n<meta property=\"og:site_name\" content=\"Arsal G\u0131da\" \/>\n<meta property=\"article:modified_time\" content=\"2024-11-18T01:53:29+00:00\" \/>\n<meta property=\"og:image\" content=\"https:\/\/arsalgida.com\/wp-content\/uploads\/2023\/03\/karisik_tursu_350.jpg\" \/>\n\t<meta property=\"og:image:width\" content=\"630\" \/>\n\t<meta property=\"og:image:height\" content=\"630\" \/>\n\t<meta property=\"og:image:type\" content=\"image\/jpeg\" \/>\n<meta name=\"twitter:card\" content=\"summary_large_image\" \/>\n<meta name=\"twitter:label1\" content=\"Gesch\u00e4tzte Lesezeit\" \/>\n\t<meta name=\"twitter:data1\" content=\"1\u00a0Minute\" \/>\n<script type=\"application\/ld+json\" class=\"yoast-schema-graph\">{\"@context\":\"https:\/\/schema.org\",\"@graph\":[{\"@type\":\"WebPage\",\"@id\":\"https:\/\/arsalgida.com\/urun\/karisik-tursu-375g\/\",\"url\":\"https:\/\/arsalgida.com\/urun\/karisik-tursu-375g\/\",\"name\":\"Kar\u0131\u015f\u0131k Tur\u015fu 320ml - Arsal G\u0131da\",\"isPartOf\":{\"@id\":\"https:\/\/arsalgida.com\/#website\"},\"primaryImageOfPage\":{\"@id\":\"https:\/\/arsalgida.com\/urun\/karisik-tursu-375g\/#primaryimage\"},\"image\":{\"@id\":\"https:\/\/arsalgida.com\/urun\/karisik-tursu-375g\/#primaryimage\"},\"thumbnailUrl\":\"https:\/\/arsalgida.com\/wp-content\/uploads\/2023\/03\/karisik_tursu_350.jpg\",\"datePublished\":\"2023-03-04T22:31:09+00:00\",\"dateModified\":\"2024-11-18T01:53:29+00:00\",\"breadcrumb\":{\"@id\":\"https:\/\/arsalgida.com\/urun\/karisik-tursu-375g\/#breadcrumb\"},\"inLanguage\":\"de\",\"potentialAction\":[{\"@type\":\"ReadAction\",\"target\":[\"https:\/\/arsalgida.com\/urun\/karisik-tursu-375g\/\"]}]},{\"@type\":\"ImageObject\",\"inLanguage\":\"de\",\"@id\":\"https:\/\/arsalgida.com\/urun\/karisik-tursu-375g\/#primaryimage\",\"url\":\"https:\/\/arsalgida.com\/wp-content\/uploads\/2023\/03\/karisik_tursu_350.jpg\",\"contentUrl\":\"https:\/\/arsalgida.com\/wp-content\/uploads\/2023\/03\/karisik_tursu_350.jpg\",\"width\":630,\"height\":630},{\"@type\":\"BreadcrumbList\",\"@id\":\"https:\/\/arsalgida.com\/urun\/karisik-tursu-375g\/#breadcrumb\",\"itemListElement\":[{\"@type\":\"ListItem\",\"position\":1,\"name\":\"Home\",\"item\":\"https:\/\/arsalgida.com\/\"},{\"@type\":\"ListItem\",\"position\":2,\"name\":\"Ma\u011faza\",\"item\":\"https:\/\/arsalgida.com\/magaza\/\"},{\"@type\":\"ListItem\",\"position\":3,\"name\":\"Kar\u0131\u015f\u0131k Tur\u015fu 320ml\"}]},{\"@type\":\"WebSite\",\"@id\":\"https:\/\/arsalgida.com\/#website\",\"url\":\"https:\/\/arsalgida.com\/\",\"name\":\"Arsal G\u0131da\",\"description\":\"1979 &#039;dan G\u00fcn\u00fcm\u00fcze\",\"publisher\":{\"@id\":\"https:\/\/arsalgida.com\/#organization\"},\"potentialAction\":[{\"@type\":\"SearchAction\",\"target\":{\"@type\":\"EntryPoint\",\"urlTemplate\":\"https:\/\/arsalgida.com\/?s={search_term_string}\"},\"query-input\":{\"@type\":\"PropertyValueSpecification\",\"valueRequired\":true,\"valueName\":\"search_term_string\"}}],\"inLanguage\":\"de\"},{\"@type\":\"Organization\",\"@id\":\"https:\/\/arsalgida.com\/#organization\",\"name\":\"Arsal G\u0131da\",\"url\":\"https:\/\/arsalgida.com\/\",\"logo\":{\"@type\":\"ImageObject\",\"inLanguage\":\"de\",\"@id\":\"https:\/\/arsalgida.com\/#\/schema\/logo\/image\/\",\"url\":\"https:\/\/arsalgida.com\/wp-content\/uploads\/2020\/03\/5555.png\",\"contentUrl\":\"https:\/\/arsalgida.com\/wp-content\/uploads\/2020\/03\/5555.png\",\"width\":150,\"height\":93,\"caption\":\"Arsal G\u0131da\"},\"image\":{\"@id\":\"https:\/\/arsalgida.com\/#\/schema\/logo\/image\/\"}}]}<\/script>\n<!-- \/ Yoast SEO plugin. -->","yoast_head_json":{"title":"Kar\u0131\u015f\u0131k Tur\u015fu 320ml - Arsal G\u0131da","robots":{"index":"index","follow":"follow","max-snippet":"max-snippet:-1","max-image-preview":"max-image-preview:large","max-video-preview":"max-video-preview:-1"},"canonical":"https:\/\/arsalgida.com\/de\/produkt\/karisik-tursu-375g\/","og_locale":"de_DE","og_type":"article","og_title":"Kar\u0131\u015f\u0131k Tur\u015fu 320ml - Arsal G\u0131da","og_description":"Barkod No: 8697437561628 Ambalaj Tipi: Cam Kavanoz Net A\u011f\u0131rl\u0131k: 320ml","og_url":"https:\/\/arsalgida.com\/de\/produkt\/karisik-tursu-375g\/","og_site_name":"Arsal G\u0131da","article_modified_time":"2024-11-18T01:53:29+00:00","og_image":[{"width":630,"height":630,"url":"https:\/\/arsalgida.com\/wp-content\/uploads\/2023\/03\/karisik_tursu_350.jpg","type":"image\/jpeg"}],"twitter_card":"summary_large_image","twitter_misc":{"Gesch\u00e4tzte Lesezeit":"1\u00a0Minute"},"schema":{"@context":"https:\/\/schema.org","@graph":[{"@type":"WebPage","@id":"https:\/\/arsalgida.com\/urun\/karisik-tursu-375g\/","url":"https:\/\/arsalgida.com\/urun\/karisik-tursu-375g\/","name":"Kar\u0131\u015f\u0131k Tur\u015fu 320ml - Arsal G\u0131da","isPartOf":{"@id":"https:\/\/arsalgida.com\/#website"},"primaryImageOfPage":{"@id":"https:\/\/arsalgida.com\/urun\/karisik-tursu-375g\/#primaryimage"},"image":{"@id":"https:\/\/arsalgida.com\/urun\/karisik-tursu-375g\/#primaryimage"},"thumbnailUrl":"https:\/\/arsalgida.com\/wp-content\/uploads\/2023\/03\/karisik_tursu_350.jpg","datePublished":"2023-03-04T22:31:09+00:00","dateModified":"2024-11-18T01:53:29+00:00","breadcrumb":{"@id":"https:\/\/arsalgida.com\/urun\/karisik-tursu-375g\/#breadcrumb"},"inLanguage":"de","potentialAction":[{"@type":"ReadAction","target":["https:\/\/arsalgida.com\/urun\/karisik-tursu-375g\/"]}]},{"@type":"ImageObject","inLanguage":"de","@id":"https:\/\/arsalgida.com\/urun\/karisik-tursu-375g\/#primaryimage","url":"https:\/\/arsalgida.com\/wp-content\/uploads\/2023\/03\/karisik_tursu_350.jpg","contentUrl":"https:\/\/arsalgida.com\/wp-content\/uploads\/2023\/03\/karisik_tursu_350.jpg","width":630,"height":630},{"@type":"BreadcrumbList","@id":"https:\/\/arsalgida.com\/urun\/karisik-tursu-375g\/#breadcrumb","itemListElement":[{"@type":"ListItem","position":1,"name":"Home","item":"https:\/\/arsalgida.com\/"},{"@type":"ListItem","position":2,"name":"Ma\u011faza","item":"https:\/\/arsalgida.com\/magaza\/"},{"@type":"ListItem","position":3,"name":"Kar\u0131\u015f\u0131k Tur\u015fu 320ml"}]},{"@type":"WebSite","@id":"https:\/\/arsalgida.com\/#website","url":"https:\/\/arsalgida.com\/","name":"Arsal G\u0131da","description":"1979 &#039;dan G\u00fcn\u00fcm\u00fcze","publisher":{"@id":"https:\/\/arsalgida.com\/#organization"},"potentialAction":[{"@type":"SearchAction","target":{"@type":"EntryPoint","urlTemplate":"https:\/\/arsalgida.com\/?s={search_term_string}"},"query-input":{"@type":"PropertyValueSpecification","valueRequired":true,"valueName":"search_term_string"}}],"inLanguage":"de"},{"@type":"Organization","@id":"https:\/\/arsalgida.com\/#organization","name":"Arsal G\u0131da","url":"https:\/\/arsalgida.com\/","logo":{"@type":"ImageObject","inLanguage":"de","@id":"https:\/\/arsalgida.com\/#\/schema\/logo\/image\/","url":"https:\/\/arsalgida.com\/wp-content\/uploads\/2020\/03\/5555.png","contentUrl":"https:\/\/arsalgida.com\/wp-content\/uploads\/2020\/03\/5555.png","width":150,"height":93,"caption":"Arsal G\u0131da"},"image":{"@id":"https:\/\/arsalgida.com\/#\/schema\/logo\/image\/"}}]}},"_links":{"self":[{"href":"https:\/\/arsalgida.com\/de\/wp-json\/wp\/v2\/product\/987792","targetHints":{"allow":["GET"]}}],"collection":[{"href":"https:\/\/arsalgida.com\/de\/wp-json\/wp\/v2\/product"}],"about":[{"href":"https:\/\/arsalgida.com\/de\/wp-json\/wp\/v2\/types\/product"}],"version-history":[{"count":2,"href":"https:\/\/arsalgida.com\/de\/wp-json\/wp\/v2\/product\/987792\/revisions"}],"predecessor-version":[{"id":989385,"href":"https:\/\/arsalgida.com\/de\/wp-json\/wp\/v2\/product\/987792\/revisions\/989385"}],"wp:featuredmedia":[{"embeddable":true,"href":"https:\/\/arsalgida.com\/de\/wp-json\/wp\/v2\/media\/989163"}],"wp:attachment":[{"href":"https:\/\/arsalgida.com\/de\/wp-json\/wp\/v2\/media?parent=987792"}],"wp:term":[{"taxonomy":"product_cat","embeddable":true,"href":"https:\/\/arsalgida.com\/de\/wp-json\/wp\/v2\/product_cat?post=987792"},{"taxonomy":"product_tag","embeddable":true,"href":"https:\/\/arsalgida.com\/de\/wp-json\/wp\/v2\/product_tag?post=987792"}],"curies":[{"name":"wp","href":"https:\/\/api.w.org\/{rel}","templated":true}]}}