{"id":989471,"date":"2024-11-18T10:38:49","date_gmt":"2024-11-18T07:38:49","guid":{"rendered":"https:\/\/arsalgida.com\/?post_type=product&#038;p=989471"},"modified":"2024-11-18T11:03:58","modified_gmt":"2024-11-18T08:03:58","slug":"limon-tuzu-500gr","status":"publish","type":"product","link":"https:\/\/arsalgida.com\/el\/product\/limon-tuzu-500gr\/","title":{"rendered":"\u0391\u03bb\u03ac\u03c4\u03b9 \u03bb\u03b5\u03bc\u03cc\u03bd\u03b9 500\u03b3\u03c1"},"content":{"rendered":"<div class=\"vgblk-rw-wrapper limit-wrapper\">\u0391\u03c1\u03b9\u03b8\u03bc\u03cc\u03c2 \u03b3\u03c1\u03b1\u03bc\u03bc\u03b9\u03ba\u03bf\u03cd \u03ba\u03ce\u03b4\u03b9\u03ba\u03b1: 8697437561789<br \/>\n\u03a4\u03cd\u03c0\u03bf\u03c2 \u03c3\u03c5\u03c3\u03ba\u03b5\u03c5\u03b1\u03c3\u03af\u03b1\u03c2: \u03a3\u03c5\u03c3\u03ba\u03b5\u03c5\u03b1\u03c3\u03af\u03b1<br \/>\n\u039a\u03b1\u03b8\u03b1\u03c1\u03cc \u0392\u03ac\u03c1\u03bf\u03c2: 500gr<\/div>\n<p><!-- .vgblk-rw-wrapper --><\/p>","protected":false},"excerpt":{"rendered":"<p>Barkod No: 8697437561789 Ambalaj Tipi: Paket Net A\u011f\u0131rl\u0131k: 500gr<\/p>","protected":false},"featured_media":989472,"template":"","meta":[],"product_cat":[59],"product_tag":[],"class_list":{"0":"post-989471","1":"product","2":"type-product","3":"status-publish","4":"has-post-thumbnail","6":"product_cat-diger-urunler","8":"first","9":"instock","10":"shipping-taxable","11":"purchasable","12":"product-type-simple"},"yoast_head":"<!-- This site is optimized with the Yoast SEO plugin v23.9 - https:\/\/yoast.com\/wordpress\/plugins\/seo\/ -->\n<title>Limon Tuzu 500gr - Arsal G\u0131da<\/title>\n<meta name=\"robots\" content=\"index, follow, max-snippet:-1, max-image-preview:large, max-video-preview:-1\" \/>\n<link rel=\"canonical\" href=\"https:\/\/arsalgida.com\/el\/product\/limon-tuzu-500gr\/\" \/>\n<meta property=\"og:locale\" content=\"el_GR\" \/>\n<meta property=\"og:type\" content=\"article\" \/>\n<meta property=\"og:title\" content=\"Limon Tuzu 500gr - Arsal G\u0131da\" \/>\n<meta property=\"og:description\" content=\"Barkod No: 8697437561789 Ambalaj Tipi: Paket Net A\u011f\u0131rl\u0131k: 500gr\" \/>\n<meta property=\"og:url\" content=\"https:\/\/arsalgida.com\/el\/product\/limon-tuzu-500gr\/\" \/>\n<meta property=\"og:site_name\" content=\"Arsal G\u0131da\" \/>\n<meta property=\"article:modified_time\" content=\"2024-11-18T08:03:58+00:00\" \/>\n<meta property=\"og:image\" content=\"https:\/\/arsalgida.com\/wp-content\/uploads\/2024\/11\/limon_tuzu_500gr.jpg\" \/>\n\t<meta property=\"og:image:width\" content=\"630\" \/>\n\t<meta property=\"og:image:height\" content=\"630\" \/>\n\t<meta property=\"og:image:type\" content=\"image\/jpeg\" \/>\n<meta name=\"twitter:card\" content=\"summary_large_image\" \/>\n<meta name=\"twitter:label1\" content=\"\u0395\u03ba\u03c4\u03b9\u03bc\u03ce\u03bc\u03b5\u03bd\u03bf\u03c2 \u03c7\u03c1\u03cc\u03bd\u03bf\u03c2 \u03b1\u03bd\u03ac\u03b3\u03bd\u03c9\u03c3\u03b7\u03c2\" \/>\n\t<meta name=\"twitter:data1\" content=\"1 \u03bb\u03b5\u03c0\u03c4\u03cc\" \/>\n<script type=\"application\/ld+json\" class=\"yoast-schema-graph\">{\"@context\":\"https:\/\/schema.org\",\"@graph\":[{\"@type\":\"WebPage\",\"@id\":\"https:\/\/arsalgida.com\/urun\/limon-tuzu-500gr\/\",\"url\":\"https:\/\/arsalgida.com\/urun\/limon-tuzu-500gr\/\",\"name\":\"Limon Tuzu 500gr - Arsal G\u0131da\",\"isPartOf\":{\"@id\":\"https:\/\/arsalgida.com\/#website\"},\"primaryImageOfPage\":{\"@id\":\"https:\/\/arsalgida.com\/urun\/limon-tuzu-500gr\/#primaryimage\"},\"image\":{\"@id\":\"https:\/\/arsalgida.com\/urun\/limon-tuzu-500gr\/#primaryimage\"},\"thumbnailUrl\":\"https:\/\/arsalgida.com\/wp-content\/uploads\/2024\/11\/limon_tuzu_500gr.jpg\",\"datePublished\":\"2024-11-18T07:38:49+00:00\",\"dateModified\":\"2024-11-18T08:03:58+00:00\",\"breadcrumb\":{\"@id\":\"https:\/\/arsalgida.com\/urun\/limon-tuzu-500gr\/#breadcrumb\"},\"inLanguage\":\"el\",\"potentialAction\":[{\"@type\":\"ReadAction\",\"target\":[\"https:\/\/arsalgida.com\/urun\/limon-tuzu-500gr\/\"]}]},{\"@type\":\"ImageObject\",\"inLanguage\":\"el\",\"@id\":\"https:\/\/arsalgida.com\/urun\/limon-tuzu-500gr\/#primaryimage\",\"url\":\"https:\/\/arsalgida.com\/wp-content\/uploads\/2024\/11\/limon_tuzu_500gr.jpg\",\"contentUrl\":\"https:\/\/arsalgida.com\/wp-content\/uploads\/2024\/11\/limon_tuzu_500gr.jpg\",\"width\":630,\"height\":630},{\"@type\":\"BreadcrumbList\",\"@id\":\"https:\/\/arsalgida.com\/urun\/limon-tuzu-500gr\/#breadcrumb\",\"itemListElement\":[{\"@type\":\"ListItem\",\"position\":1,\"name\":\"Home\",\"item\":\"https:\/\/arsalgida.com\/\"},{\"@type\":\"ListItem\",\"position\":2,\"name\":\"Ma\u011faza\",\"item\":\"https:\/\/arsalgida.com\/magaza\/\"},{\"@type\":\"ListItem\",\"position\":3,\"name\":\"Limon Tuzu 500gr\"}]},{\"@type\":\"WebSite\",\"@id\":\"https:\/\/arsalgida.com\/#website\",\"url\":\"https:\/\/arsalgida.com\/\",\"name\":\"Arsal G\u0131da\",\"description\":\"1979 &#039;dan G\u00fcn\u00fcm\u00fcze\",\"publisher\":{\"@id\":\"https:\/\/arsalgida.com\/#organization\"},\"potentialAction\":[{\"@type\":\"SearchAction\",\"target\":{\"@type\":\"EntryPoint\",\"urlTemplate\":\"https:\/\/arsalgida.com\/?s={search_term_string}\"},\"query-input\":{\"@type\":\"PropertyValueSpecification\",\"valueRequired\":true,\"valueName\":\"search_term_string\"}}],\"inLanguage\":\"el\"},{\"@type\":\"Organization\",\"@id\":\"https:\/\/arsalgida.com\/#organization\",\"name\":\"Arsal G\u0131da\",\"url\":\"https:\/\/arsalgida.com\/\",\"logo\":{\"@type\":\"ImageObject\",\"inLanguage\":\"el\",\"@id\":\"https:\/\/arsalgida.com\/#\/schema\/logo\/image\/\",\"url\":\"https:\/\/arsalgida.com\/wp-content\/uploads\/2020\/03\/5555.png\",\"contentUrl\":\"https:\/\/arsalgida.com\/wp-content\/uploads\/2020\/03\/5555.png\",\"width\":150,\"height\":93,\"caption\":\"Arsal G\u0131da\"},\"image\":{\"@id\":\"https:\/\/arsalgida.com\/#\/schema\/logo\/image\/\"}}]}<\/script>\n<!-- \/ Yoast SEO plugin. -->","yoast_head_json":{"title":"Limon Tuzu 500gr - Arsal G\u0131da","robots":{"index":"index","follow":"follow","max-snippet":"max-snippet:-1","max-image-preview":"max-image-preview:large","max-video-preview":"max-video-preview:-1"},"canonical":"https:\/\/arsalgida.com\/el\/product\/limon-tuzu-500gr\/","og_locale":"el_GR","og_type":"article","og_title":"Limon Tuzu 500gr - Arsal G\u0131da","og_description":"Barkod No: 8697437561789 Ambalaj Tipi: Paket Net A\u011f\u0131rl\u0131k: 500gr","og_url":"https:\/\/arsalgida.com\/el\/product\/limon-tuzu-500gr\/","og_site_name":"Arsal G\u0131da","article_modified_time":"2024-11-18T08:03:58+00:00","og_image":[{"width":630,"height":630,"url":"https:\/\/arsalgida.com\/wp-content\/uploads\/2024\/11\/limon_tuzu_500gr.jpg","type":"image\/jpeg"}],"twitter_card":"summary_large_image","twitter_misc":{"\u0395\u03ba\u03c4\u03b9\u03bc\u03ce\u03bc\u03b5\u03bd\u03bf\u03c2 \u03c7\u03c1\u03cc\u03bd\u03bf\u03c2 \u03b1\u03bd\u03ac\u03b3\u03bd\u03c9\u03c3\u03b7\u03c2":"1 \u03bb\u03b5\u03c0\u03c4\u03cc"},"schema":{"@context":"https:\/\/schema.org","@graph":[{"@type":"WebPage","@id":"https:\/\/arsalgida.com\/urun\/limon-tuzu-500gr\/","url":"https:\/\/arsalgida.com\/urun\/limon-tuzu-500gr\/","name":"Limon Tuzu 500gr - Arsal G\u0131da","isPartOf":{"@id":"https:\/\/arsalgida.com\/#website"},"primaryImageOfPage":{"@id":"https:\/\/arsalgida.com\/urun\/limon-tuzu-500gr\/#primaryimage"},"image":{"@id":"https:\/\/arsalgida.com\/urun\/limon-tuzu-500gr\/#primaryimage"},"thumbnailUrl":"https:\/\/arsalgida.com\/wp-content\/uploads\/2024\/11\/limon_tuzu_500gr.jpg","datePublished":"2024-11-18T07:38:49+00:00","dateModified":"2024-11-18T08:03:58+00:00","breadcrumb":{"@id":"https:\/\/arsalgida.com\/urun\/limon-tuzu-500gr\/#breadcrumb"},"inLanguage":"el","potentialAction":[{"@type":"ReadAction","target":["https:\/\/arsalgida.com\/urun\/limon-tuzu-500gr\/"]}]},{"@type":"ImageObject","inLanguage":"el","@id":"https:\/\/arsalgida.com\/urun\/limon-tuzu-500gr\/#primaryimage","url":"https:\/\/arsalgida.com\/wp-content\/uploads\/2024\/11\/limon_tuzu_500gr.jpg","contentUrl":"https:\/\/arsalgida.com\/wp-content\/uploads\/2024\/11\/limon_tuzu_500gr.jpg","width":630,"height":630},{"@type":"BreadcrumbList","@id":"https:\/\/arsalgida.com\/urun\/limon-tuzu-500gr\/#breadcrumb","itemListElement":[{"@type":"ListItem","position":1,"name":"Home","item":"https:\/\/arsalgida.com\/"},{"@type":"ListItem","position":2,"name":"Ma\u011faza","item":"https:\/\/arsalgida.com\/magaza\/"},{"@type":"ListItem","position":3,"name":"Limon Tuzu 500gr"}]},{"@type":"WebSite","@id":"https:\/\/arsalgida.com\/#website","url":"https:\/\/arsalgida.com\/","name":"Arsal G\u0131da","description":"1979 &#039;dan G\u00fcn\u00fcm\u00fcze","publisher":{"@id":"https:\/\/arsalgida.com\/#organization"},"potentialAction":[{"@type":"SearchAction","target":{"@type":"EntryPoint","urlTemplate":"https:\/\/arsalgida.com\/?s={search_term_string}"},"query-input":{"@type":"PropertyValueSpecification","valueRequired":true,"valueName":"search_term_string"}}],"inLanguage":"el"},{"@type":"Organization","@id":"https:\/\/arsalgida.com\/#organization","name":"Arsal G\u0131da","url":"https:\/\/arsalgida.com\/","logo":{"@type":"ImageObject","inLanguage":"el","@id":"https:\/\/arsalgida.com\/#\/schema\/logo\/image\/","url":"https:\/\/arsalgida.com\/wp-content\/uploads\/2020\/03\/5555.png","contentUrl":"https:\/\/arsalgida.com\/wp-content\/uploads\/2020\/03\/5555.png","width":150,"height":93,"caption":"Arsal G\u0131da"},"image":{"@id":"https:\/\/arsalgida.com\/#\/schema\/logo\/image\/"}}]}},"_links":{"self":[{"href":"https:\/\/arsalgida.com\/el\/wp-json\/wp\/v2\/product\/989471","targetHints":{"allow":["GET"]}}],"collection":[{"href":"https:\/\/arsalgida.com\/el\/wp-json\/wp\/v2\/product"}],"about":[{"href":"https:\/\/arsalgida.com\/el\/wp-json\/wp\/v2\/types\/product"}],"version-history":[{"count":1,"href":"https:\/\/arsalgida.com\/el\/wp-json\/wp\/v2\/product\/989471\/revisions"}],"predecessor-version":[{"id":989473,"href":"https:\/\/arsalgida.com\/el\/wp-json\/wp\/v2\/product\/989471\/revisions\/989473"}],"wp:featuredmedia":[{"embeddable":true,"href":"https:\/\/arsalgida.com\/el\/wp-json\/wp\/v2\/media\/989472"}],"wp:attachment":[{"href":"https:\/\/arsalgida.com\/el\/wp-json\/wp\/v2\/media?parent=989471"}],"wp:term":[{"taxonomy":"product_cat","embeddable":true,"href":"https:\/\/arsalgida.com\/el\/wp-json\/wp\/v2\/product_cat?post=989471"},{"taxonomy":"product_tag","embeddable":true,"href":"https:\/\/arsalgida.com\/el\/wp-json\/wp\/v2\/product_tag?post=989471"}],"curies":[{"name":"wp","href":"https:\/\/api.w.org\/{rel}","templated":true}]}}