{"id":987746,"date":"2023-03-05T00:29:34","date_gmt":"2023-03-04T21:29:34","guid":{"rendered":"https:\/\/arsalgida.com\/new\/?post_type=product&#038;p=987746"},"modified":"2024-11-18T04:31:55","modified_gmt":"2024-11-18T01:31:55","slug":"salatalik-tursusu-660ml","status":"publish","type":"product","link":"https:\/\/arsalgida.com\/en\/product\/salatalik-tursusu-660ml\/","title":{"rendered":"Pickled Cucumber 660ml"},"content":{"rendered":"<div class=\"vgblk-rw-wrapper limit-wrapper\">\n<div id=\"text13\">\n<div class=\"wpmd\">\n<div style=\"text-align: left;\" align=\"center\"><span style=\"color: #333333; font-family: Verdana;\"><strong>Barcode Code:<\/strong> 8697437560027<\/span><\/div>\n<\/div>\n<\/div>\n<div id=\"text14\">\n<div class=\"wpmd\">\n<div style=\"text-align: left;\" align=\"center\"><span style=\"color: #333333; font-family: Verdana;\"><strong>Packaging Type:<\/strong> Glass Bottle<\/span><\/div>\n<\/div>\n<\/div>\n<div id=\"text15\">\n<div class=\"wpmd\">\n<div style=\"text-align: left;\" align=\"center\"><span style=\"color: #333333; font-family: Verdana;\"><strong>Net Weight:<\/strong> 660ml<\/span><\/div>\n<\/div>\n<\/div>\n<div id=\"text16\">\n<div class=\"wpmd\">\n<div style=\"text-align: left;\" align=\"center\"><\/div>\n<\/div>\n<\/div>\n<\/div>\n<p><!-- .vgblk-rw-wrapper --><\/p>","protected":false},"excerpt":{"rendered":"<p>Barkod No\u00a0 \u00a0 \u00a0 : 8697437560027 Ambalaj Tipi\u00a0 \u00a0: Cam Kavanoz Net A\u011f\u0131rl\u0131k\u00a0 \u00a0 \u00a0 : 660ml<\/p>","protected":false},"featured_media":989224,"template":"","meta":[],"product_cat":[15],"product_tag":[],"class_list":{"0":"post-987746","1":"product","2":"type-product","3":"status-publish","4":"has-post-thumbnail","6":"product_cat-tursu-cesitleri","8":"first","9":"instock","10":"shipping-taxable","11":"purchasable","12":"product-type-simple"},"yoast_head":"<!-- This site is optimized with the Yoast SEO plugin v23.9 - https:\/\/yoast.com\/wordpress\/plugins\/seo\/ -->\n<title>Salatal\u0131k Tur\u015fusu 660ml - Arsal G\u0131da<\/title>\n<meta name=\"robots\" content=\"index, follow, max-snippet:-1, max-image-preview:large, max-video-preview:-1\" \/>\n<link rel=\"canonical\" href=\"https:\/\/arsalgida.com\/en\/product\/salatalik-tursusu-660ml\/\" \/>\n<meta property=\"og:locale\" content=\"en_US\" \/>\n<meta property=\"og:type\" content=\"article\" \/>\n<meta property=\"og:title\" content=\"Salatal\u0131k Tur\u015fusu 660ml - Arsal G\u0131da\" \/>\n<meta property=\"og:description\" content=\"Barkod No\u00a0 \u00a0 \u00a0 : 8697437560027 Ambalaj Tipi\u00a0 \u00a0: Cam Kavanoz Net A\u011f\u0131rl\u0131k\u00a0 \u00a0 \u00a0 : 660ml\" \/>\n<meta property=\"og:url\" content=\"https:\/\/arsalgida.com\/en\/product\/salatalik-tursusu-660ml\/\" \/>\n<meta property=\"og:site_name\" content=\"Arsal G\u0131da\" \/>\n<meta property=\"article:modified_time\" content=\"2024-11-18T01:31:55+00:00\" \/>\n<meta property=\"og:image\" content=\"https:\/\/arsalgida.com\/wp-content\/uploads\/2023\/03\/Salatalik_1.png\" \/>\n\t<meta property=\"og:image:width\" content=\"630\" \/>\n\t<meta property=\"og:image:height\" content=\"630\" \/>\n\t<meta property=\"og:image:type\" content=\"image\/png\" \/>\n<meta name=\"twitter:card\" content=\"summary_large_image\" \/>\n<meta name=\"twitter:label1\" content=\"Est. reading time\" \/>\n\t<meta name=\"twitter:data1\" content=\"1 minute\" \/>\n<script type=\"application\/ld+json\" class=\"yoast-schema-graph\">{\"@context\":\"https:\/\/schema.org\",\"@graph\":[{\"@type\":\"WebPage\",\"@id\":\"https:\/\/arsalgida.com\/urun\/salatalik-tursusu-660ml\/\",\"url\":\"https:\/\/arsalgida.com\/urun\/salatalik-tursusu-660ml\/\",\"name\":\"Salatal\u0131k Tur\u015fusu 660ml - Arsal G\u0131da\",\"isPartOf\":{\"@id\":\"https:\/\/arsalgida.com\/#website\"},\"primaryImageOfPage\":{\"@id\":\"https:\/\/arsalgida.com\/urun\/salatalik-tursusu-660ml\/#primaryimage\"},\"image\":{\"@id\":\"https:\/\/arsalgida.com\/urun\/salatalik-tursusu-660ml\/#primaryimage\"},\"thumbnailUrl\":\"https:\/\/arsalgida.com\/wp-content\/uploads\/2023\/03\/Salatalik_1.png\",\"datePublished\":\"2023-03-04T21:29:34+00:00\",\"dateModified\":\"2024-11-18T01:31:55+00:00\",\"breadcrumb\":{\"@id\":\"https:\/\/arsalgida.com\/urun\/salatalik-tursusu-660ml\/#breadcrumb\"},\"inLanguage\":\"en-US\",\"potentialAction\":[{\"@type\":\"ReadAction\",\"target\":[\"https:\/\/arsalgida.com\/urun\/salatalik-tursusu-660ml\/\"]}]},{\"@type\":\"ImageObject\",\"inLanguage\":\"en-US\",\"@id\":\"https:\/\/arsalgida.com\/urun\/salatalik-tursusu-660ml\/#primaryimage\",\"url\":\"https:\/\/arsalgida.com\/wp-content\/uploads\/2023\/03\/Salatalik_1.png\",\"contentUrl\":\"https:\/\/arsalgida.com\/wp-content\/uploads\/2023\/03\/Salatalik_1.png\",\"width\":630,\"height\":630},{\"@type\":\"BreadcrumbList\",\"@id\":\"https:\/\/arsalgida.com\/urun\/salatalik-tursusu-660ml\/#breadcrumb\",\"itemListElement\":[{\"@type\":\"ListItem\",\"position\":1,\"name\":\"Home\",\"item\":\"https:\/\/arsalgida.com\/\"},{\"@type\":\"ListItem\",\"position\":2,\"name\":\"Ma\u011faza\",\"item\":\"https:\/\/arsalgida.com\/magaza\/\"},{\"@type\":\"ListItem\",\"position\":3,\"name\":\"Salatal\u0131k Tur\u015fusu 660ml\"}]},{\"@type\":\"WebSite\",\"@id\":\"https:\/\/arsalgida.com\/#website\",\"url\":\"https:\/\/arsalgida.com\/\",\"name\":\"Arsal G\u0131da\",\"description\":\"1979 &#039;dan G\u00fcn\u00fcm\u00fcze\",\"publisher\":{\"@id\":\"https:\/\/arsalgida.com\/#organization\"},\"potentialAction\":[{\"@type\":\"SearchAction\",\"target\":{\"@type\":\"EntryPoint\",\"urlTemplate\":\"https:\/\/arsalgida.com\/?s={search_term_string}\"},\"query-input\":{\"@type\":\"PropertyValueSpecification\",\"valueRequired\":true,\"valueName\":\"search_term_string\"}}],\"inLanguage\":\"en-US\"},{\"@type\":\"Organization\",\"@id\":\"https:\/\/arsalgida.com\/#organization\",\"name\":\"Arsal G\u0131da\",\"url\":\"https:\/\/arsalgida.com\/\",\"logo\":{\"@type\":\"ImageObject\",\"inLanguage\":\"en-US\",\"@id\":\"https:\/\/arsalgida.com\/#\/schema\/logo\/image\/\",\"url\":\"https:\/\/arsalgida.com\/wp-content\/uploads\/2020\/03\/5555.png\",\"contentUrl\":\"https:\/\/arsalgida.com\/wp-content\/uploads\/2020\/03\/5555.png\",\"width\":150,\"height\":93,\"caption\":\"Arsal G\u0131da\"},\"image\":{\"@id\":\"https:\/\/arsalgida.com\/#\/schema\/logo\/image\/\"}}]}<\/script>\n<!-- \/ Yoast SEO plugin. -->","yoast_head_json":{"title":"Salatal\u0131k Tur\u015fusu 660ml - Arsal G\u0131da","robots":{"index":"index","follow":"follow","max-snippet":"max-snippet:-1","max-image-preview":"max-image-preview:large","max-video-preview":"max-video-preview:-1"},"canonical":"https:\/\/arsalgida.com\/en\/product\/salatalik-tursusu-660ml\/","og_locale":"en_US","og_type":"article","og_title":"Salatal\u0131k Tur\u015fusu 660ml - Arsal G\u0131da","og_description":"Barkod No\u00a0 \u00a0 \u00a0 : 8697437560027 Ambalaj Tipi\u00a0 \u00a0: Cam Kavanoz Net A\u011f\u0131rl\u0131k\u00a0 \u00a0 \u00a0 : 660ml","og_url":"https:\/\/arsalgida.com\/en\/product\/salatalik-tursusu-660ml\/","og_site_name":"Arsal G\u0131da","article_modified_time":"2024-11-18T01:31:55+00:00","og_image":[{"width":630,"height":630,"url":"https:\/\/arsalgida.com\/wp-content\/uploads\/2023\/03\/Salatalik_1.png","type":"image\/png"}],"twitter_card":"summary_large_image","twitter_misc":{"Est. reading time":"1 minute"},"schema":{"@context":"https:\/\/schema.org","@graph":[{"@type":"WebPage","@id":"https:\/\/arsalgida.com\/urun\/salatalik-tursusu-660ml\/","url":"https:\/\/arsalgida.com\/urun\/salatalik-tursusu-660ml\/","name":"Salatal\u0131k Tur\u015fusu 660ml - Arsal G\u0131da","isPartOf":{"@id":"https:\/\/arsalgida.com\/#website"},"primaryImageOfPage":{"@id":"https:\/\/arsalgida.com\/urun\/salatalik-tursusu-660ml\/#primaryimage"},"image":{"@id":"https:\/\/arsalgida.com\/urun\/salatalik-tursusu-660ml\/#primaryimage"},"thumbnailUrl":"https:\/\/arsalgida.com\/wp-content\/uploads\/2023\/03\/Salatalik_1.png","datePublished":"2023-03-04T21:29:34+00:00","dateModified":"2024-11-18T01:31:55+00:00","breadcrumb":{"@id":"https:\/\/arsalgida.com\/urun\/salatalik-tursusu-660ml\/#breadcrumb"},"inLanguage":"en-US","potentialAction":[{"@type":"ReadAction","target":["https:\/\/arsalgida.com\/urun\/salatalik-tursusu-660ml\/"]}]},{"@type":"ImageObject","inLanguage":"en-US","@id":"https:\/\/arsalgida.com\/urun\/salatalik-tursusu-660ml\/#primaryimage","url":"https:\/\/arsalgida.com\/wp-content\/uploads\/2023\/03\/Salatalik_1.png","contentUrl":"https:\/\/arsalgida.com\/wp-content\/uploads\/2023\/03\/Salatalik_1.png","width":630,"height":630},{"@type":"BreadcrumbList","@id":"https:\/\/arsalgida.com\/urun\/salatalik-tursusu-660ml\/#breadcrumb","itemListElement":[{"@type":"ListItem","position":1,"name":"Home","item":"https:\/\/arsalgida.com\/"},{"@type":"ListItem","position":2,"name":"Ma\u011faza","item":"https:\/\/arsalgida.com\/magaza\/"},{"@type":"ListItem","position":3,"name":"Salatal\u0131k Tur\u015fusu 660ml"}]},{"@type":"WebSite","@id":"https:\/\/arsalgida.com\/#website","url":"https:\/\/arsalgida.com\/","name":"Arsal G\u0131da","description":"1979 &#039;dan G\u00fcn\u00fcm\u00fcze","publisher":{"@id":"https:\/\/arsalgida.com\/#organization"},"potentialAction":[{"@type":"SearchAction","target":{"@type":"EntryPoint","urlTemplate":"https:\/\/arsalgida.com\/?s={search_term_string}"},"query-input":{"@type":"PropertyValueSpecification","valueRequired":true,"valueName":"search_term_string"}}],"inLanguage":"en-US"},{"@type":"Organization","@id":"https:\/\/arsalgida.com\/#organization","name":"Arsal G\u0131da","url":"https:\/\/arsalgida.com\/","logo":{"@type":"ImageObject","inLanguage":"en-US","@id":"https:\/\/arsalgida.com\/#\/schema\/logo\/image\/","url":"https:\/\/arsalgida.com\/wp-content\/uploads\/2020\/03\/5555.png","contentUrl":"https:\/\/arsalgida.com\/wp-content\/uploads\/2020\/03\/5555.png","width":150,"height":93,"caption":"Arsal G\u0131da"},"image":{"@id":"https:\/\/arsalgida.com\/#\/schema\/logo\/image\/"}}]}},"_links":{"self":[{"href":"https:\/\/arsalgida.com\/en\/wp-json\/wp\/v2\/product\/987746","targetHints":{"allow":["GET"]}}],"collection":[{"href":"https:\/\/arsalgida.com\/en\/wp-json\/wp\/v2\/product"}],"about":[{"href":"https:\/\/arsalgida.com\/en\/wp-json\/wp\/v2\/types\/product"}],"version-history":[{"count":4,"href":"https:\/\/arsalgida.com\/en\/wp-json\/wp\/v2\/product\/987746\/revisions"}],"predecessor-version":[{"id":989373,"href":"https:\/\/arsalgida.com\/en\/wp-json\/wp\/v2\/product\/987746\/revisions\/989373"}],"wp:featuredmedia":[{"embeddable":true,"href":"https:\/\/arsalgida.com\/en\/wp-json\/wp\/v2\/media\/989224"}],"wp:attachment":[{"href":"https:\/\/arsalgida.com\/en\/wp-json\/wp\/v2\/media?parent=987746"}],"wp:term":[{"taxonomy":"product_cat","embeddable":true,"href":"https:\/\/arsalgida.com\/en\/wp-json\/wp\/v2\/product_cat?post=987746"},{"taxonomy":"product_tag","embeddable":true,"href":"https:\/\/arsalgida.com\/en\/wp-json\/wp\/v2\/product_tag?post=987746"}],"curies":[{"name":"wp","href":"https:\/\/api.w.org\/{rel}","templated":true}]}}