{"id":989540,"date":"2024-12-28T00:36:03","date_gmt":"2024-12-27T21:36:03","guid":{"rendered":"https:\/\/arsalgida.com\/?page_id=989540"},"modified":"2024-12-28T01:05:03","modified_gmt":"2024-12-27T22:05:03","slug":"katalog","status":"publish","type":"page","link":"https:\/\/arsalgida.com\/fr\/katalog\/","title":{"rendered":"Katalog"},"content":{"rendered":"<div data-elementor-type=\"wp-page\" data-elementor-id=\"989540\" class=\"elementor elementor-989540\">\n\t\t\t\t\t\t<section class=\"elementor-section elementor-top-section elementor-element elementor-element-cf11590 elementor-section-boxed elementor-section-height-default elementor-section-height-default\" data-id=\"cf11590\" data-element_type=\"section\">\n\t\t\t\t\t\t<div class=\"elementor-container elementor-column-gap-default\">\n\t\t\t\t\t<div class=\"elementor-column elementor-col-100 elementor-top-column elementor-element elementor-element-1e09f46\" data-id=\"1e09f46\" data-element_type=\"column\">\n\t\t\t<div class=\"elementor-widget-wrap elementor-element-populated\">\n\t\t\t\t\t\t<div class=\"elementor-element elementor-element-59d4e43 elementor-widget elementor-widget-html\" data-id=\"59d4e43\" data-element_type=\"widget\" data-widget_type=\"html.default\">\n\t\t\t\t<div class=\"elementor-widget-container\">\n\t\t\t<div class=\"_3d-flip-book  fb3d-fullscreen-mode full-size\" data-id=\"989536\" data-mode=\"fullscreen\" data-title=\"false\" data-template=\"short-white-book-view\" data-lightbox=\"dark-shadow\" data-urlparam=\"fb3d-page\" data-page-n=\"0\" data-pdf=\"\" data-tax=\"null\" data-thumbnail=\"\" data-cols=\"3\" data-book-template=\"default\" data-trigger=\"\"><\/div><script type=\"text\/javascript\">window.FB3D_CLIENT_DATA = window.FB3D_CLIENT_DATA || [];FB3D_CLIENT_DATA.push('eyJwb3N0cyI6eyI5ODk1MzYiOnsiSUQiOjk4OTUzNiwidGl0bGUiOiJBcnNhbCBLYXRhbG9nIEZsaXAiLCJ0eXBlIjoicGRmIiwicmVhZHlfZnVuY3Rpb24iOiIiLCJib29rX3N0eWxlIjoiYXV0byIsImJvb2tfdGVtcGxhdGUiOiJkZWZhdWx0Iiwib3V0bGluZSI6W10sImRhdGEiOnsicG9zdF9JRCI6Ijk4OTUzNSIsImd1aWQiOiJodHRwczpcL1wvYXJzYWxnaWRhLmNvbVwvd3AtY29udGVudFwvdXBsb2Fkc1wvMjAyNFwvMTJcL0Fyc2FsX0thdGFsb2dfMjcuMTIuMjAyNC5wZGYiLCJwZGZfcGFnZXMiOiIyMCIsInBhZ2VzX2N1c3RvbWl6YXRpb24iOiJhbGwifSwidGh1bWJuYWlsIjp7ImRhdGEiOnsicG9zdF9JRCI6IjAifSwidHlwZSI6ImF1dG8ifSwicHJvcHMiOnsiYmFja2dyb3VuZENvbG9yIjoiYXV0byIsImJhY2tncm91bmRJbWFnZSI6ImF1dG8iLCJiYWNrZ3JvdW5kU3R5bGUiOiJhdXRvIiwiaGlnaGxpZ2h0TGlua3MiOiJhdXRvIiwibGlnaHRpbmciOiJhdXRvIiwic2luZ2xlUGFnZU1vZGUiOiJhdXRvIiwiY2FjaGVkUGFnZXMiOiJhdXRvIiwicmVuZGVySW5hY3RpdmVQYWdlcyI6ImF1dG8iLCJyZW5kZXJJbmFjdGl2ZVBhZ2VzT25Nb2JpbGUiOiJhdXRvIiwicmVuZGVyV2hpbGVGbGlwcGluZyI6ImF1dG8iLCJwcmVsb2FkUGFnZXMiOiJhdXRvIiwiYXV0b1BsYXlEdXJhdGlvbiI6ImF1dG8iLCJydGwiOiJhdXRvIiwiaW50ZXJhY3RpdmVDb3JuZXJzIjoiYXV0byIsIm1heERlcHRoIjoiYXV0byIsInNoZWV0Ijp7InN0YXJ0VmVsb2NpdHkiOiJhdXRvIiwid2F2ZSI6ImF1dG8iLCJzaGFwZSI6ImF1dG8iLCJ3aWR0aFRleGVscyI6ImF1dG8iLCJjb2xvciI6ImF1dG8iLCJzaWRlIjoiYXV0byIsInN0cmV0Y2hJbWFnZXMiOiJhdXRvIiwiY29ybmVyRGV2aWF0aW9uIjoiYXV0byIsImZsZXhpYmlsaXR5IjoiYXV0byIsImZsZXhpYmxlQ29ybmVyIjoiYXV0byIsImJlbmRpbmciOiJhdXRvIiwiaGVpZ2h0VGV4ZWxzIjoiYXV0byJ9LCJjb3ZlciI6eyJ3YXZlIjoiYXV0byIsImNvbG9yIjoiYXV0byIsInNpZGUiOiJhdXRvIiwic3RyZXRjaEltYWdlcyI6ImF1dG8iLCJiaW5kZXJUZXh0dXJlIjoiYXV0byIsImRlcHRoIjoiYXV0byIsInBhZGRpbmciOiJhdXRvIiwic3RhcnRWZWxvY2l0eSI6ImF1dG8iLCJmbGV4aWJpbGl0eSI6ImF1dG8iLCJmbGV4aWJsZUNvcm5lciI6ImF1dG8iLCJiZW5kaW5nIjoiYXV0byIsIndpZHRoVGV4ZWxzIjoiYXV0byIsImhlaWdodFRleGVscyI6ImF1dG8iLCJtYXNzIjoiYXV0byIsInNoYXBlIjoiYXV0byJ9LCJwYWdlIjp7IndhdmUiOiJhdXRvIiwiY29sb3IiOiJhdXRvIiwic2lkZSI6ImF1dG8iLCJzdHJldGNoSW1hZ2VzIjoiYXV0byIsImRlcHRoIjoiYXV0byIsInN0YXJ0VmVsb2NpdHkiOiJhdXRvIiwiZmxleGliaWxpdHkiOiJhdXRvIiwiZmxleGlibGVDb3JuZXIiOiJhdXRvIiwiYmVuZGluZyI6ImF1dG8iLCJ3aWR0aFRleGVscyI6ImF1dG8iLCJoZWlnaHRUZXhlbHMiOiJhdXRvIiwibWFzcyI6ImF1dG8iLCJzaGFwZSI6ImF1dG8ifSwiaGVpZ2h0IjoiYXV0byIsIndpZHRoIjoiYXV0byIsImdyYXZpdHkiOiJhdXRvIiwicGFnZXNGb3JQcmVkaWN0aW5nIjoiYXV0byJ9LCJjb250cm9sUHJvcHMiOnsiYWN0aW9ucyI6eyJjbWRUb2MiOnsiZW5hYmxlZCI6ImF1dG8iLCJlbmFibGVkSW5OYXJyb3ciOiJhdXRvIiwiYWN0aXZlIjoiYXV0byIsImRlZmF1bHRUYWIiOiJhdXRvIn0sImNtZEF1dG9QbGF5Ijp7ImVuYWJsZWQiOiJhdXRvIiwiZW5hYmxlZEluTmFycm93IjoiYXV0byIsImFjdGl2ZSI6ImF1dG8ifSwiY21kU2F2ZSI6eyJlbmFibGVkIjoiYXV0byIsImVuYWJsZWRJbk5hcnJvdyI6ImF1dG8ifSwiY21kUHJpbnQiOnsiZW5hYmxlZCI6ImF1dG8iLCJlbmFibGVkSW5OYXJyb3ciOiJhdXRvIn0sImNtZFNpbmdsZVBhZ2UiOnsiZW5hYmxlZCI6ImF1dG8iLCJlbmFibGVkSW5OYXJyb3ciOiJhdXRvIiwiYWN0aXZlIjoiYXV0byIsImFjdGl2ZUZvck1vYmlsZSI6ImF1dG8ifSwid2lkVG9vbGJhciI6eyJlbmFibGVkIjoiYXV0byIsImVuYWJsZWRJbk5hcnJvdyI6ImF1dG8ifX19LCJhdXRvVGh1bWJuYWlsIjoiaHR0cHM6XC9cL2Fyc2FsZ2lkYS5jb21cL3dwLWNvbnRlbnRcL3VwbG9hZHNcLzNkLWZsaXAtYm9va1wvYXV0by10aHVtYm5haWxzXC85ODk1MzYucG5nIiwicG9zdF9uYW1lIjoiYXJzYWwta2F0YWxvZy1mbGlwIiwicG9zdF90eXBlIjoiM2QtZmxpcC1ib29rIn19LCJwYWdlcyI6eyI5ODk1MzYiOlt7InBhZ2VfSUQiOiIxIiwicGFnZV9wb3N0X0lEIjoiOTg5NTM2IiwicGFnZV90aXRsZSI6IiIsInBhZ2Vfc291cmNlX3R5cGUiOiJwZGYiLCJwYWdlX3NvdXJjZV9kYXRhIjp7Im51bWJlciI6IjAiLCJpbnRlcmFjdGl2ZSI6IjAifSwicGFnZV90aHVtYm5haWxfdHlwZSI6ImF1dG8iLCJwYWdlX3RodW1ibmFpbF9kYXRhIjp7InBvc3RfSUQiOiIwIn0sInBhZ2VfbWV0YV9kYXRhIjp7ImNzc19sYXllciI6eyJjc3MiOiIiLCJodG1sIjoiIiwianMiOiIifX0sInBhZ2VfbnVtYmVyIjoiMCJ9LHsicGFnZV9JRCI6IjIiLCJwYWdlX3Bvc3RfSUQiOiI5ODk1MzYiLCJwYWdlX3RpdGxlIjoiIiwicGFnZV9zb3VyY2VfdHlwZSI6InBkZiIsInBhZ2Vfc291cmNlX2RhdGEiOnsibnVtYmVyIjoiMSIsImludGVyYWN0aXZlIjoiMCJ9LCJwYWdlX3RodW1ibmFpbF90eXBlIjoiYXV0byIsInBhZ2VfdGh1bWJuYWlsX2RhdGEiOnsicG9zdF9JRCI6IjAifSwicGFnZV9tZXRhX2RhdGEiOnsiY3NzX2xheWVyIjp7ImNzcyI6IiIsImh0bWwiOiIiLCJqcyI6IiJ9fSwicGFnZV9udW1iZXIiOiIxIn0seyJwYWdlX0lEIjoiMyIsInBhZ2VfcG9zdF9JRCI6Ijk4OTUzNiIsInBhZ2VfdGl0bGUiOiIiLCJwYWdlX3NvdXJjZV90eXBlIjoicGRmIiwicGFnZV9zb3VyY2VfZGF0YSI6eyJudW1iZXIiOiIyIiwiaW50ZXJhY3RpdmUiOiIwIn0sInBhZ2VfdGh1bWJuYWlsX3R5cGUiOiJhdXRvIiwicGFnZV90aHVtYm5haWxfZGF0YSI6eyJwb3N0X0lEIjoiMCJ9LCJwYWdlX21ldGFfZGF0YSI6eyJjc3NfbGF5ZXIiOnsiY3NzIjoiIiwiaHRtbCI6IiIsImpzIjoiIn19LCJwYWdlX251bWJlciI6IjIifSx7InBhZ2VfSUQiOiI0IiwicGFnZV9wb3N0X0lEIjoiOTg5NTM2IiwicGFnZV90aXRsZSI6IiIsInBhZ2Vfc291cmNlX3R5cGUiOiJwZGYiLCJwYWdlX3NvdXJjZV9kYXRhIjp7Im51bWJlciI6IjMiLCJpbnRlcmFjdGl2ZSI6IjAifSwicGFnZV90aHVtYm5haWxfdHlwZSI6ImF1dG8iLCJwYWdlX3RodW1ibmFpbF9kYXRhIjp7InBvc3RfSUQiOiIwIn0sInBhZ2VfbWV0YV9kYXRhIjp7ImNzc19sYXllciI6eyJjc3MiOiIiLCJodG1sIjoiIiwianMiOiIifX0sInBhZ2VfbnVtYmVyIjoiMyJ9LHsicGFnZV9JRCI6IjUiLCJwYWdlX3Bvc3RfSUQiOiI5ODk1MzYiLCJwYWdlX3RpdGxlIjoiIiwicGFnZV9zb3VyY2VfdHlwZSI6InBkZiIsInBhZ2Vfc291cmNlX2RhdGEiOnsibnVtYmVyIjoiNCIsImludGVyYWN0aXZlIjoiMCJ9LCJwYWdlX3RodW1ibmFpbF90eXBlIjoiYXV0byIsInBhZ2VfdGh1bWJuYWlsX2RhdGEiOnsicG9zdF9JRCI6IjAifSwicGFnZV9tZXRhX2RhdGEiOnsiY3NzX2xheWVyIjp7ImNzcyI6IiIsImh0bWwiOiIiLCJqcyI6IiJ9fSwicGFnZV9udW1iZXIiOiI0In0seyJwYWdlX0lEIjoiNiIsInBhZ2VfcG9zdF9JRCI6Ijk4OTUzNiIsInBhZ2VfdGl0bGUiOiIiLCJwYWdlX3NvdXJjZV90eXBlIjoicGRmIiwicGFnZV9zb3VyY2VfZGF0YSI6eyJudW1iZXIiOiI1IiwiaW50ZXJhY3RpdmUiOiIwIn0sInBhZ2VfdGh1bWJuYWlsX3R5cGUiOiJhdXRvIiwicGFnZV90aHVtYm5haWxfZGF0YSI6eyJwb3N0X0lEIjoiMCJ9LCJwYWdlX21ldGFfZGF0YSI6eyJjc3NfbGF5ZXIiOnsiY3NzIjoiIiwiaHRtbCI6IiIsImpzIjoiIn19LCJwYWdlX251bWJlciI6IjUifSx7InBhZ2VfSUQiOiI3IiwicGFnZV9wb3N0X0lEIjoiOTg5NTM2IiwicGFnZV90aXRsZSI6IiIsInBhZ2Vfc291cmNlX3R5cGUiOiJwZGYiLCJwYWdlX3NvdXJjZV9kYXRhIjp7Im51bWJlciI6IjYiLCJpbnRlcmFjdGl2ZSI6IjAifSwicGFnZV90aHVtYm5haWxfdHlwZSI6ImF1dG8iLCJwYWdlX3RodW1ibmFpbF9kYXRhIjp7InBvc3RfSUQiOiIwIn0sInBhZ2VfbWV0YV9kYXRhIjp7ImNzc19sYXllciI6eyJjc3MiOiIiLCJodG1sIjoiIiwianMiOiIifX0sInBhZ2VfbnVtYmVyIjoiNiJ9LHsicGFnZV9JRCI6IjgiLCJwYWdlX3Bvc3RfSUQiOiI5ODk1MzYiLCJwYWdlX3RpdGxlIjoiIiwicGFnZV9zb3VyY2VfdHlwZSI6InBkZiIsInBhZ2Vfc291cmNlX2RhdGEiOnsibnVtYmVyIjoiNyIsImludGVyYWN0aXZlIjoiMCJ9LCJwYWdlX3RodW1ibmFpbF90eXBlIjoiYXV0byIsInBhZ2VfdGh1bWJuYWlsX2RhdGEiOnsicG9zdF9JRCI6IjAifSwicGFnZV9tZXRhX2RhdGEiOnsiY3NzX2xheWVyIjp7ImNzcyI6IiIsImh0bWwiOiIiLCJqcyI6IiJ9fSwicGFnZV9udW1iZXIiOiI3In0seyJwYWdlX0lEIjoiOSIsInBhZ2VfcG9zdF9JRCI6Ijk4OTUzNiIsInBhZ2VfdGl0bGUiOiIiLCJwYWdlX3NvdXJjZV90eXBlIjoicGRmIiwicGFnZV9zb3VyY2VfZGF0YSI6eyJudW1iZXIiOiI4IiwiaW50ZXJhY3RpdmUiOiIwIn0sInBhZ2VfdGh1bWJuYWlsX3R5cGUiOiJhdXRvIiwicGFnZV90aHVtYm5haWxfZGF0YSI6eyJwb3N0X0lEIjoiMCJ9LCJwYWdlX21ldGFfZGF0YSI6eyJjc3NfbGF5ZXIiOnsiY3NzIjoiIiwiaHRtbCI6IiIsImpzIjoiIn19LCJwYWdlX251bWJlciI6IjgifSx7InBhZ2VfSUQiOiIxMCIsInBhZ2VfcG9zdF9JRCI6Ijk4OTUzNiIsInBhZ2VfdGl0bGUiOiIiLCJwYWdlX3NvdXJjZV90eXBlIjoicGRmIiwicGFnZV9zb3VyY2VfZGF0YSI6eyJudW1iZXIiOiI5IiwiaW50ZXJhY3RpdmUiOiIwIn0sInBhZ2VfdGh1bWJuYWlsX3R5cGUiOiJhdXRvIiwicGFnZV90aHVtYm5haWxfZGF0YSI6eyJwb3N0X0lEIjoiMCJ9LCJwYWdlX21ldGFfZGF0YSI6eyJjc3NfbGF5ZXIiOnsiY3NzIjoiIiwiaHRtbCI6IiIsImpzIjoiIn19LCJwYWdlX251bWJlciI6IjkifSx7InBhZ2VfSUQiOiIxMSIsInBhZ2VfcG9zdF9JRCI6Ijk4OTUzNiIsInBhZ2VfdGl0bGUiOiIiLCJwYWdlX3NvdXJjZV90eXBlIjoicGRmIiwicGFnZV9zb3VyY2VfZGF0YSI6eyJudW1iZXIiOiIxMCIsImludGVyYWN0aXZlIjoiMCJ9LCJwYWdlX3RodW1ibmFpbF90eXBlIjoiYXV0byIsInBhZ2VfdGh1bWJuYWlsX2RhdGEiOnsicG9zdF9JRCI6IjAifSwicGFnZV9tZXRhX2RhdGEiOnsiY3NzX2xheWVyIjp7ImNzcyI6IiIsImh0bWwiOiIiLCJqcyI6IiJ9fSwicGFnZV9udW1iZXIiOiIxMCJ9LHsicGFnZV9JRCI6IjEyIiwicGFnZV9wb3N0X0lEIjoiOTg5NTM2IiwicGFnZV90aXRsZSI6IiIsInBhZ2Vfc291cmNlX3R5cGUiOiJwZGYiLCJwYWdlX3NvdXJjZV9kYXRhIjp7Im51bWJlciI6IjExIiwiaW50ZXJhY3RpdmUiOiIwIn0sInBhZ2VfdGh1bWJuYWlsX3R5cGUiOiJhdXRvIiwicGFnZV90aHVtYm5haWxfZGF0YSI6eyJwb3N0X0lEIjoiMCJ9LCJwYWdlX21ldGFfZGF0YSI6eyJjc3NfbGF5ZXIiOnsiY3NzIjoiIiwiaHRtbCI6IiIsImpzIjoiIn19LCJwYWdlX251bWJlciI6IjExIn0seyJwYWdlX0lEIjoiMTMiLCJwYWdlX3Bvc3RfSUQiOiI5ODk1MzYiLCJwYWdlX3RpdGxlIjoiIiwicGFnZV9zb3VyY2VfdHlwZSI6InBkZiIsInBhZ2Vfc291cmNlX2RhdGEiOnsibnVtYmVyIjoiMTIiLCJpbnRlcmFjdGl2ZSI6IjAifSwicGFnZV90aHVtYm5haWxfdHlwZSI6ImF1dG8iLCJwYWdlX3RodW1ibmFpbF9kYXRhIjp7InBvc3RfSUQiOiIwIn0sInBhZ2VfbWV0YV9kYXRhIjp7ImNzc19sYXllciI6eyJjc3MiOiIiLCJodG1sIjoiIiwianMiOiIifX0sInBhZ2VfbnVtYmVyIjoiMTIifSx7InBhZ2VfSUQiOiIxNCIsInBhZ2VfcG9zdF9JRCI6Ijk4OTUzNiIsInBhZ2VfdGl0bGUiOiIiLCJwYWdlX3NvdXJjZV90eXBlIjoicGRmIiwicGFnZV9zb3VyY2VfZGF0YSI6eyJudW1iZXIiOiIxMyIsImludGVyYWN0aXZlIjoiMCJ9LCJwYWdlX3RodW1ibmFpbF90eXBlIjoiYXV0byIsInBhZ2VfdGh1bWJuYWlsX2RhdGEiOnsicG9zdF9JRCI6IjAifSwicGFnZV9tZXRhX2RhdGEiOnsiY3NzX2xheWVyIjp7ImNzcyI6IiIsImh0bWwiOiIiLCJqcyI6IiJ9fSwicGFnZV9udW1iZXIiOiIxMyJ9LHsicGFnZV9JRCI6IjE1IiwicGFnZV9wb3N0X0lEIjoiOTg5NTM2IiwicGFnZV90aXRsZSI6IiIsInBhZ2Vfc291cmNlX3R5cGUiOiJwZGYiLCJwYWdlX3NvdXJjZV9kYXRhIjp7Im51bWJlciI6IjE0IiwiaW50ZXJhY3RpdmUiOiIwIn0sInBhZ2VfdGh1bWJuYWlsX3R5cGUiOiJhdXRvIiwicGFnZV90aHVtYm5haWxfZGF0YSI6eyJwb3N0X0lEIjoiMCJ9LCJwYWdlX21ldGFfZGF0YSI6eyJjc3NfbGF5ZXIiOnsiY3NzIjoiIiwiaHRtbCI6IiIsImpzIjoiIn19LCJwYWdlX251bWJlciI6IjE0In0seyJwYWdlX0lEIjoiMTYiLCJwYWdlX3Bvc3RfSUQiOiI5ODk1MzYiLCJwYWdlX3RpdGxlIjoiIiwicGFnZV9zb3VyY2VfdHlwZSI6InBkZiIsInBhZ2Vfc291cmNlX2RhdGEiOnsibnVtYmVyIjoiMTUiLCJpbnRlcmFjdGl2ZSI6IjAifSwicGFnZV90aHVtYm5haWxfdHlwZSI6ImF1dG8iLCJwYWdlX3RodW1ibmFpbF9kYXRhIjp7InBvc3RfSUQiOiIwIn0sInBhZ2VfbWV0YV9kYXRhIjp7ImNzc19sYXllciI6eyJjc3MiOiIiLCJodG1sIjoiIiwianMiOiIifX0sInBhZ2VfbnVtYmVyIjoiMTUifSx7InBhZ2VfSUQiOiIxNyIsInBhZ2VfcG9zdF9JRCI6Ijk4OTUzNiIsInBhZ2VfdGl0bGUiOiIiLCJwYWdlX3NvdXJjZV90eXBlIjoicGRmIiwicGFnZV9zb3VyY2VfZGF0YSI6eyJudW1iZXIiOiIxNiIsImludGVyYWN0aXZlIjoiMCJ9LCJwYWdlX3RodW1ibmFpbF90eXBlIjoiYXV0byIsInBhZ2VfdGh1bWJuYWlsX2RhdGEiOnsicG9zdF9JRCI6IjAifSwicGFnZV9tZXRhX2RhdGEiOnsiY3NzX2xheWVyIjp7ImNzcyI6IiIsImh0bWwiOiIiLCJqcyI6IiJ9fSwicGFnZV9udW1iZXIiOiIxNiJ9LHsicGFnZV9JRCI6IjE4IiwicGFnZV9wb3N0X0lEIjoiOTg5NTM2IiwicGFnZV90aXRsZSI6IiIsInBhZ2Vfc291cmNlX3R5cGUiOiJwZGYiLCJwYWdlX3NvdXJjZV9kYXRhIjp7Im51bWJlciI6IjE3IiwiaW50ZXJhY3RpdmUiOiIwIn0sInBhZ2VfdGh1bWJuYWlsX3R5cGUiOiJhdXRvIiwicGFnZV90aHVtYm5haWxfZGF0YSI6eyJwb3N0X0lEIjoiMCJ9LCJwYWdlX21ldGFfZGF0YSI6eyJjc3NfbGF5ZXIiOnsiY3NzIjoiIiwiaHRtbCI6IiIsImpzIjoiIn19LCJwYWdlX251bWJlciI6IjE3In0seyJwYWdlX0lEIjoiMTkiLCJwYWdlX3Bvc3RfSUQiOiI5ODk1MzYiLCJwYWdlX3RpdGxlIjoiIiwicGFnZV9zb3VyY2VfdHlwZSI6InBkZiIsInBhZ2Vfc291cmNlX2RhdGEiOnsibnVtYmVyIjoiMTgiLCJpbnRlcmFjdGl2ZSI6IjAifSwicGFnZV90aHVtYm5haWxfdHlwZSI6ImF1dG8iLCJwYWdlX3RodW1ibmFpbF9kYXRhIjp7InBvc3RfSUQiOiIwIn0sInBhZ2VfbWV0YV9kYXRhIjp7ImNzc19sYXllciI6eyJjc3MiOiIiLCJodG1sIjoiIiwianMiOiIifX0sInBhZ2VfbnVtYmVyIjoiMTgifSx7InBhZ2VfSUQiOiIyMCIsInBhZ2VfcG9zdF9JRCI6Ijk4OTUzNiIsInBhZ2VfdGl0bGUiOiIiLCJwYWdlX3NvdXJjZV90eXBlIjoicGRmIiwicGFnZV9zb3VyY2VfZGF0YSI6eyJudW1iZXIiOiIxOSIsImludGVyYWN0aXZlIjoiMCJ9LCJwYWdlX3RodW1ibmFpbF90eXBlIjoiYXV0byIsInBhZ2VfdGh1bWJuYWlsX2RhdGEiOnsicG9zdF9JRCI6IjAifSwicGFnZV9tZXRhX2RhdGEiOnsiY3NzX2xheWVyIjp7ImNzcyI6IiIsImh0bWwiOiIiLCJqcyI6IiJ9fSwicGFnZV9udW1iZXIiOiIxOSJ9XX0sImZpcnN0UGFnZXMiOltdfQ==');window.FB3D_CLIENT_LOCALE && FB3D_CLIENT_LOCALE.render && FB3D_CLIENT_LOCALE.render();<\/script>\t\t<\/div>\n\t\t\t\t<\/div>\n\t\t\t\t\t<\/div>\n\t\t<\/div>\n\t\t\t\t\t<\/div>\n\t\t<\/section>\n\t\t\t\t<\/div>","protected":false},"excerpt":{"rendered":"","protected":false},"author":1,"featured_media":0,"parent":0,"menu_order":0,"comment_status":"closed","ping_status":"closed","template":"elementor_theme","meta":{"footnotes":""},"class_list":["post-989540","page","type-page","status-publish","hentry"],"yoast_head":"<!-- This site is optimized with the Yoast SEO plugin v23.9 - https:\/\/yoast.com\/wordpress\/plugins\/seo\/ -->\n<title>Katalog - Arsal G\u0131da<\/title>\n<meta name=\"robots\" content=\"index, follow, max-snippet:-1, max-image-preview:large, max-video-preview:-1\" \/>\n<link rel=\"canonical\" href=\"https:\/\/arsalgida.com\/fr\/katalog\/\" \/>\n<meta property=\"og:locale\" content=\"fr_FR\" \/>\n<meta property=\"og:type\" content=\"article\" \/>\n<meta property=\"og:title\" content=\"Katalog - Arsal G\u0131da\" \/>\n<meta property=\"og:url\" content=\"https:\/\/arsalgida.com\/fr\/katalog\/\" \/>\n<meta property=\"og:site_name\" content=\"Arsal G\u0131da\" \/>\n<meta property=\"article:modified_time\" content=\"2024-12-27T22:05:03+00:00\" \/>\n<meta name=\"twitter:card\" content=\"summary_large_image\" \/>\n<meta name=\"twitter:label1\" content=\"Dur\u00e9e de lecture estim\u00e9e\" \/>\n\t<meta name=\"twitter:data1\" content=\"1 minute\" \/>\n<script type=\"application\/ld+json\" class=\"yoast-schema-graph\">{\"@context\":\"https:\/\/schema.org\",\"@graph\":[{\"@type\":\"WebPage\",\"@id\":\"https:\/\/arsalgida.com\/katalog\/\",\"url\":\"https:\/\/arsalgida.com\/katalog\/\",\"name\":\"Katalog - Arsal G\u0131da\",\"isPartOf\":{\"@id\":\"https:\/\/arsalgida.com\/#website\"},\"datePublished\":\"2024-12-27T21:36:03+00:00\",\"dateModified\":\"2024-12-27T22:05:03+00:00\",\"breadcrumb\":{\"@id\":\"https:\/\/arsalgida.com\/katalog\/#breadcrumb\"},\"inLanguage\":\"fr-FR\",\"potentialAction\":[{\"@type\":\"ReadAction\",\"target\":[\"https:\/\/arsalgida.com\/katalog\/\"]}]},{\"@type\":\"BreadcrumbList\",\"@id\":\"https:\/\/arsalgida.com\/katalog\/#breadcrumb\",\"itemListElement\":[{\"@type\":\"ListItem\",\"position\":1,\"name\":\"Home\",\"item\":\"https:\/\/arsalgida.com\/\"},{\"@type\":\"ListItem\",\"position\":2,\"name\":\"Katalog\"}]},{\"@type\":\"WebSite\",\"@id\":\"https:\/\/arsalgida.com\/#website\",\"url\":\"https:\/\/arsalgida.com\/\",\"name\":\"Arsal G\u0131da\",\"description\":\"1979 &#039;dan G\u00fcn\u00fcm\u00fcze\",\"publisher\":{\"@id\":\"https:\/\/arsalgida.com\/#organization\"},\"potentialAction\":[{\"@type\":\"SearchAction\",\"target\":{\"@type\":\"EntryPoint\",\"urlTemplate\":\"https:\/\/arsalgida.com\/?s={search_term_string}\"},\"query-input\":{\"@type\":\"PropertyValueSpecification\",\"valueRequired\":true,\"valueName\":\"search_term_string\"}}],\"inLanguage\":\"fr-FR\"},{\"@type\":\"Organization\",\"@id\":\"https:\/\/arsalgida.com\/#organization\",\"name\":\"Arsal G\u0131da\",\"url\":\"https:\/\/arsalgida.com\/\",\"logo\":{\"@type\":\"ImageObject\",\"inLanguage\":\"fr-FR\",\"@id\":\"https:\/\/arsalgida.com\/#\/schema\/logo\/image\/\",\"url\":\"https:\/\/arsalgida.com\/wp-content\/uploads\/2020\/03\/5555.png\",\"contentUrl\":\"https:\/\/arsalgida.com\/wp-content\/uploads\/2020\/03\/5555.png\",\"width\":150,\"height\":93,\"caption\":\"Arsal G\u0131da\"},\"image\":{\"@id\":\"https:\/\/arsalgida.com\/#\/schema\/logo\/image\/\"}}]}<\/script>\n<!-- \/ Yoast SEO plugin. -->","yoast_head_json":{"title":"Katalog - Arsal G\u0131da","robots":{"index":"index","follow":"follow","max-snippet":"max-snippet:-1","max-image-preview":"max-image-preview:large","max-video-preview":"max-video-preview:-1"},"canonical":"https:\/\/arsalgida.com\/fr\/katalog\/","og_locale":"fr_FR","og_type":"article","og_title":"Katalog - Arsal G\u0131da","og_url":"https:\/\/arsalgida.com\/fr\/katalog\/","og_site_name":"Arsal G\u0131da","article_modified_time":"2024-12-27T22:05:03+00:00","twitter_card":"summary_large_image","twitter_misc":{"Dur\u00e9e de lecture estim\u00e9e":"1 minute"},"schema":{"@context":"https:\/\/schema.org","@graph":[{"@type":"WebPage","@id":"https:\/\/arsalgida.com\/katalog\/","url":"https:\/\/arsalgida.com\/katalog\/","name":"Katalog - Arsal G\u0131da","isPartOf":{"@id":"https:\/\/arsalgida.com\/#website"},"datePublished":"2024-12-27T21:36:03+00:00","dateModified":"2024-12-27T22:05:03+00:00","breadcrumb":{"@id":"https:\/\/arsalgida.com\/katalog\/#breadcrumb"},"inLanguage":"fr-FR","potentialAction":[{"@type":"ReadAction","target":["https:\/\/arsalgida.com\/katalog\/"]}]},{"@type":"BreadcrumbList","@id":"https:\/\/arsalgida.com\/katalog\/#breadcrumb","itemListElement":[{"@type":"ListItem","position":1,"name":"Home","item":"https:\/\/arsalgida.com\/"},{"@type":"ListItem","position":2,"name":"Katalog"}]},{"@type":"WebSite","@id":"https:\/\/arsalgida.com\/#website","url":"https:\/\/arsalgida.com\/","name":"Arsal G\u0131da","description":"1979 &#039;dan G\u00fcn\u00fcm\u00fcze","publisher":{"@id":"https:\/\/arsalgida.com\/#organization"},"potentialAction":[{"@type":"SearchAction","target":{"@type":"EntryPoint","urlTemplate":"https:\/\/arsalgida.com\/?s={search_term_string}"},"query-input":{"@type":"PropertyValueSpecification","valueRequired":true,"valueName":"search_term_string"}}],"inLanguage":"fr-FR"},{"@type":"Organization","@id":"https:\/\/arsalgida.com\/#organization","name":"Arsal G\u0131da","url":"https:\/\/arsalgida.com\/","logo":{"@type":"ImageObject","inLanguage":"fr-FR","@id":"https:\/\/arsalgida.com\/#\/schema\/logo\/image\/","url":"https:\/\/arsalgida.com\/wp-content\/uploads\/2020\/03\/5555.png","contentUrl":"https:\/\/arsalgida.com\/wp-content\/uploads\/2020\/03\/5555.png","width":150,"height":93,"caption":"Arsal G\u0131da"},"image":{"@id":"https:\/\/arsalgida.com\/#\/schema\/logo\/image\/"}}]}},"_links":{"self":[{"href":"https:\/\/arsalgida.com\/fr\/wp-json\/wp\/v2\/pages\/989540","targetHints":{"allow":["GET"]}}],"collection":[{"href":"https:\/\/arsalgida.com\/fr\/wp-json\/wp\/v2\/pages"}],"about":[{"href":"https:\/\/arsalgida.com\/fr\/wp-json\/wp\/v2\/types\/page"}],"author":[{"embeddable":true,"href":"https:\/\/arsalgida.com\/fr\/wp-json\/wp\/v2\/users\/1"}],"replies":[{"embeddable":true,"href":"https:\/\/arsalgida.com\/fr\/wp-json\/wp\/v2\/comments?post=989540"}],"version-history":[{"count":11,"href":"https:\/\/arsalgida.com\/fr\/wp-json\/wp\/v2\/pages\/989540\/revisions"}],"predecessor-version":[{"id":989554,"href":"https:\/\/arsalgida.com\/fr\/wp-json\/wp\/v2\/pages\/989540\/revisions\/989554"}],"wp:attachment":[{"href":"https:\/\/arsalgida.com\/fr\/wp-json\/wp\/v2\/media?parent=989540"}],"curies":[{"name":"wp","href":"https:\/\/api.w.org\/{rel}","templated":true}]}}