{"id":987995,"date":"2023-03-16T01:41:03","date_gmt":"2023-03-15T22:41:03","guid":{"rendered":"https:\/\/arsalgida.com\/new\/?post_type=product&#038;p=987995"},"modified":"2024-11-18T02:23:20","modified_gmt":"2024-11-17T23:23:20","slug":"antep-fistikli-helva-350g","status":"publish","type":"product","link":"https:\/\/arsalgida.com\/it\/prodotto\/antep-fistikli-helva-350g\/","title":{"rendered":"Cacao Halva 700g"},"content":{"rendered":"<div class=\"vgblk-rw-wrapper limit-wrapper\">Codice a barre n.: 8697437562113<br \/>\nTipo di imballaggio: scatola di plastica<br \/>\nPeso netto: 700gr<\/div>\n<p><!-- .vgblk-rw-wrapper --><\/p>","protected":false},"excerpt":{"rendered":"<p>Barkod No: 8697437562113 Ambalaj Tipi: Plastik Kutu Br\u00fct A\u011f\u0131rl\u0131k: 700gr<\/p>","protected":false},"featured_media":989175,"template":"","meta":[],"product_cat":[33],"product_tag":[],"class_list":{"0":"post-987995","1":"product","2":"type-product","3":"status-publish","4":"has-post-thumbnail","6":"product_cat-tahinler-ve-helvalar","8":"first","9":"instock","10":"shipping-taxable","11":"product-type-simple"},"yoast_head":"<!-- This site is optimized with the Yoast SEO plugin v23.9 - https:\/\/yoast.com\/wordpress\/plugins\/seo\/ -->\n<title>Kakaolu Helva 700g - Arsal G\u0131da<\/title>\n<meta name=\"robots\" content=\"index, follow, max-snippet:-1, max-image-preview:large, max-video-preview:-1\" \/>\n<link rel=\"canonical\" href=\"https:\/\/arsalgida.com\/it\/prodotto\/antep-fistikli-helva-350g\/\" \/>\n<meta property=\"og:locale\" content=\"it_IT\" \/>\n<meta property=\"og:type\" content=\"article\" \/>\n<meta property=\"og:title\" content=\"Kakaolu Helva 700g - Arsal G\u0131da\" \/>\n<meta property=\"og:description\" content=\"Barkod No: 8697437562113 Ambalaj Tipi: Plastik Kutu Br\u00fct A\u011f\u0131rl\u0131k: 700gr\" \/>\n<meta property=\"og:url\" content=\"https:\/\/arsalgida.com\/it\/prodotto\/antep-fistikli-helva-350g\/\" \/>\n<meta property=\"og:site_name\" content=\"Arsal G\u0131da\" \/>\n<meta property=\"article:modified_time\" content=\"2024-11-17T23:23:20+00:00\" \/>\n<meta property=\"og:image\" content=\"https:\/\/arsalgida.com\/wp-content\/uploads\/2023\/03\/helva_kakao_700.jpg\" \/>\n\t<meta property=\"og:image:width\" content=\"630\" \/>\n\t<meta property=\"og:image:height\" content=\"630\" \/>\n\t<meta property=\"og:image:type\" content=\"image\/jpeg\" \/>\n<meta name=\"twitter:card\" content=\"summary_large_image\" \/>\n<meta name=\"twitter:label1\" content=\"Tempo di lettura stimato\" \/>\n\t<meta name=\"twitter:data1\" content=\"1 minuto\" \/>\n<script type=\"application\/ld+json\" class=\"yoast-schema-graph\">{\"@context\":\"https:\/\/schema.org\",\"@graph\":[{\"@type\":\"WebPage\",\"@id\":\"https:\/\/arsalgida.com\/urun\/antep-fistikli-helva-350g\/\",\"url\":\"https:\/\/arsalgida.com\/urun\/antep-fistikli-helva-350g\/\",\"name\":\"Kakaolu Helva 700g - Arsal G\u0131da\",\"isPartOf\":{\"@id\":\"https:\/\/arsalgida.com\/#website\"},\"primaryImageOfPage\":{\"@id\":\"https:\/\/arsalgida.com\/urun\/antep-fistikli-helva-350g\/#primaryimage\"},\"image\":{\"@id\":\"https:\/\/arsalgida.com\/urun\/antep-fistikli-helva-350g\/#primaryimage\"},\"thumbnailUrl\":\"https:\/\/arsalgida.com\/wp-content\/uploads\/2023\/03\/helva_kakao_700.jpg\",\"datePublished\":\"2023-03-15T22:41:03+00:00\",\"dateModified\":\"2024-11-17T23:23:20+00:00\",\"breadcrumb\":{\"@id\":\"https:\/\/arsalgida.com\/urun\/antep-fistikli-helva-350g\/#breadcrumb\"},\"inLanguage\":\"it-IT\",\"potentialAction\":[{\"@type\":\"ReadAction\",\"target\":[\"https:\/\/arsalgida.com\/urun\/antep-fistikli-helva-350g\/\"]}]},{\"@type\":\"ImageObject\",\"inLanguage\":\"it-IT\",\"@id\":\"https:\/\/arsalgida.com\/urun\/antep-fistikli-helva-350g\/#primaryimage\",\"url\":\"https:\/\/arsalgida.com\/wp-content\/uploads\/2023\/03\/helva_kakao_700.jpg\",\"contentUrl\":\"https:\/\/arsalgida.com\/wp-content\/uploads\/2023\/03\/helva_kakao_700.jpg\",\"width\":630,\"height\":630},{\"@type\":\"BreadcrumbList\",\"@id\":\"https:\/\/arsalgida.com\/urun\/antep-fistikli-helva-350g\/#breadcrumb\",\"itemListElement\":[{\"@type\":\"ListItem\",\"position\":1,\"name\":\"Home\",\"item\":\"https:\/\/arsalgida.com\/\"},{\"@type\":\"ListItem\",\"position\":2,\"name\":\"Ma\u011faza\",\"item\":\"https:\/\/arsalgida.com\/magaza\/\"},{\"@type\":\"ListItem\",\"position\":3,\"name\":\"Kakaolu Helva 700g\"}]},{\"@type\":\"WebSite\",\"@id\":\"https:\/\/arsalgida.com\/#website\",\"url\":\"https:\/\/arsalgida.com\/\",\"name\":\"Arsal G\u0131da\",\"description\":\"1979 &#039;dan G\u00fcn\u00fcm\u00fcze\",\"publisher\":{\"@id\":\"https:\/\/arsalgida.com\/#organization\"},\"potentialAction\":[{\"@type\":\"SearchAction\",\"target\":{\"@type\":\"EntryPoint\",\"urlTemplate\":\"https:\/\/arsalgida.com\/?s={search_term_string}\"},\"query-input\":{\"@type\":\"PropertyValueSpecification\",\"valueRequired\":true,\"valueName\":\"search_term_string\"}}],\"inLanguage\":\"it-IT\"},{\"@type\":\"Organization\",\"@id\":\"https:\/\/arsalgida.com\/#organization\",\"name\":\"Arsal G\u0131da\",\"url\":\"https:\/\/arsalgida.com\/\",\"logo\":{\"@type\":\"ImageObject\",\"inLanguage\":\"it-IT\",\"@id\":\"https:\/\/arsalgida.com\/#\/schema\/logo\/image\/\",\"url\":\"https:\/\/arsalgida.com\/wp-content\/uploads\/2020\/03\/5555.png\",\"contentUrl\":\"https:\/\/arsalgida.com\/wp-content\/uploads\/2020\/03\/5555.png\",\"width\":150,\"height\":93,\"caption\":\"Arsal G\u0131da\"},\"image\":{\"@id\":\"https:\/\/arsalgida.com\/#\/schema\/logo\/image\/\"}}]}<\/script>\n<!-- \/ Yoast SEO plugin. -->","yoast_head_json":{"title":"Kakaolu Helva 700g - Arsal G\u0131da","robots":{"index":"index","follow":"follow","max-snippet":"max-snippet:-1","max-image-preview":"max-image-preview:large","max-video-preview":"max-video-preview:-1"},"canonical":"https:\/\/arsalgida.com\/it\/prodotto\/antep-fistikli-helva-350g\/","og_locale":"it_IT","og_type":"article","og_title":"Kakaolu Helva 700g - Arsal G\u0131da","og_description":"Barkod No: 8697437562113 Ambalaj Tipi: Plastik Kutu Br\u00fct A\u011f\u0131rl\u0131k: 700gr","og_url":"https:\/\/arsalgida.com\/it\/prodotto\/antep-fistikli-helva-350g\/","og_site_name":"Arsal G\u0131da","article_modified_time":"2024-11-17T23:23:20+00:00","og_image":[{"width":630,"height":630,"url":"https:\/\/arsalgida.com\/wp-content\/uploads\/2023\/03\/helva_kakao_700.jpg","type":"image\/jpeg"}],"twitter_card":"summary_large_image","twitter_misc":{"Tempo di lettura stimato":"1 minuto"},"schema":{"@context":"https:\/\/schema.org","@graph":[{"@type":"WebPage","@id":"https:\/\/arsalgida.com\/urun\/antep-fistikli-helva-350g\/","url":"https:\/\/arsalgida.com\/urun\/antep-fistikli-helva-350g\/","name":"Kakaolu Helva 700g - Arsal G\u0131da","isPartOf":{"@id":"https:\/\/arsalgida.com\/#website"},"primaryImageOfPage":{"@id":"https:\/\/arsalgida.com\/urun\/antep-fistikli-helva-350g\/#primaryimage"},"image":{"@id":"https:\/\/arsalgida.com\/urun\/antep-fistikli-helva-350g\/#primaryimage"},"thumbnailUrl":"https:\/\/arsalgida.com\/wp-content\/uploads\/2023\/03\/helva_kakao_700.jpg","datePublished":"2023-03-15T22:41:03+00:00","dateModified":"2024-11-17T23:23:20+00:00","breadcrumb":{"@id":"https:\/\/arsalgida.com\/urun\/antep-fistikli-helva-350g\/#breadcrumb"},"inLanguage":"it-IT","potentialAction":[{"@type":"ReadAction","target":["https:\/\/arsalgida.com\/urun\/antep-fistikli-helva-350g\/"]}]},{"@type":"ImageObject","inLanguage":"it-IT","@id":"https:\/\/arsalgida.com\/urun\/antep-fistikli-helva-350g\/#primaryimage","url":"https:\/\/arsalgida.com\/wp-content\/uploads\/2023\/03\/helva_kakao_700.jpg","contentUrl":"https:\/\/arsalgida.com\/wp-content\/uploads\/2023\/03\/helva_kakao_700.jpg","width":630,"height":630},{"@type":"BreadcrumbList","@id":"https:\/\/arsalgida.com\/urun\/antep-fistikli-helva-350g\/#breadcrumb","itemListElement":[{"@type":"ListItem","position":1,"name":"Home","item":"https:\/\/arsalgida.com\/"},{"@type":"ListItem","position":2,"name":"Ma\u011faza","item":"https:\/\/arsalgida.com\/magaza\/"},{"@type":"ListItem","position":3,"name":"Kakaolu Helva 700g"}]},{"@type":"WebSite","@id":"https:\/\/arsalgida.com\/#website","url":"https:\/\/arsalgida.com\/","name":"Arsal G\u0131da","description":"1979 &#039;dan G\u00fcn\u00fcm\u00fcze","publisher":{"@id":"https:\/\/arsalgida.com\/#organization"},"potentialAction":[{"@type":"SearchAction","target":{"@type":"EntryPoint","urlTemplate":"https:\/\/arsalgida.com\/?s={search_term_string}"},"query-input":{"@type":"PropertyValueSpecification","valueRequired":true,"valueName":"search_term_string"}}],"inLanguage":"it-IT"},{"@type":"Organization","@id":"https:\/\/arsalgida.com\/#organization","name":"Arsal G\u0131da","url":"https:\/\/arsalgida.com\/","logo":{"@type":"ImageObject","inLanguage":"it-IT","@id":"https:\/\/arsalgida.com\/#\/schema\/logo\/image\/","url":"https:\/\/arsalgida.com\/wp-content\/uploads\/2020\/03\/5555.png","contentUrl":"https:\/\/arsalgida.com\/wp-content\/uploads\/2020\/03\/5555.png","width":150,"height":93,"caption":"Arsal G\u0131da"},"image":{"@id":"https:\/\/arsalgida.com\/#\/schema\/logo\/image\/"}}]}},"_links":{"self":[{"href":"https:\/\/arsalgida.com\/it\/wp-json\/wp\/v2\/product\/987995","targetHints":{"allow":["GET"]}}],"collection":[{"href":"https:\/\/arsalgida.com\/it\/wp-json\/wp\/v2\/product"}],"about":[{"href":"https:\/\/arsalgida.com\/it\/wp-json\/wp\/v2\/types\/product"}],"version-history":[{"count":3,"href":"https:\/\/arsalgida.com\/it\/wp-json\/wp\/v2\/product\/987995\/revisions"}],"predecessor-version":[{"id":989257,"href":"https:\/\/arsalgida.com\/it\/wp-json\/wp\/v2\/product\/987995\/revisions\/989257"}],"wp:featuredmedia":[{"embeddable":true,"href":"https:\/\/arsalgida.com\/it\/wp-json\/wp\/v2\/media\/989175"}],"wp:attachment":[{"href":"https:\/\/arsalgida.com\/it\/wp-json\/wp\/v2\/media?parent=987995"}],"wp:term":[{"taxonomy":"product_cat","embeddable":true,"href":"https:\/\/arsalgida.com\/it\/wp-json\/wp\/v2\/product_cat?post=987995"},{"taxonomy":"product_tag","embeddable":true,"href":"https:\/\/arsalgida.com\/it\/wp-json\/wp\/v2\/product_tag?post=987995"}],"curies":[{"name":"wp","href":"https:\/\/api.w.org\/{rel}","templated":true}]}}